{"id":1515,"date":"2016-10-26T11:30:29","date_gmt":"2016-10-26T09:30:29","guid":{"rendered":"http:\/\/trademark-benelux.nl\/de\/?page_id=1515"},"modified":"2019-08-11T12:32:33","modified_gmt":"2019-08-11T10:32:33","slug":"patent","status":"publish","type":"page","link":"https:\/\/trademark-benelux.nl\/de\/patent\/","title":{"rendered":"Patent"},"content":{"rendered":"<div class=\"fusion-fullwidth fullwidth-box fusion-builder-row-1 nonhundred-percent-fullwidth non-hundred-percent-height-scrolling\" style=\"--awb-background-position:left top;--awb-border-radius-top-left:0px;--awb-border-radius-top-right:0px;--awb-border-radius-bottom-right:0px;--awb-border-radius-bottom-left:0px;--awb-padding-top:0px;--awb-padding-bottom:0px;--awb-border-sizes-top:0px;--awb-border-sizes-bottom:0px;--awb-flex-wrap:wrap;\" ><div class=\"fusion-builder-row fusion-row\"><div class=\"fusion-layout-column fusion_builder_column fusion-builder-column-0 fusion_builder_column_1_1 1_1 fusion-one-full fusion-column-first fusion-column-last\" style=\"--awb-bg-size:cover;--awb-margin-top:-20px;--awb-margin-bottom:-10px;\"><div class=\"fusion-column-wrapper fusion-flex-column-wrapper-legacy\"><div class=\"fusion-text fusion-text-1\"><p style=\"text-align: right;\"><a href=\"http:\/\/trademark-benelux.nl\/uk\/patents\/\"><img decoding=\"async\" class=\"alignnone wp-image-2050 size-full\" title=\"UK\" src=\"http:\/\/trademark-benelux.nl\/de\/wp-content\/uploads\/sites\/2\/2017\/07\/united-kingdom-flag-3d-icon-32.png\" alt=\"united-kingdom-flag-3d-icon-32\" width=\"32\" height=\"21\" \/><\/a> <a href=\"http:\/\/trademark-benelux.nl\/octrooi\/\"><img decoding=\"async\" class=\"alignnone wp-image-2050 size-full\" title=\"NL\" src=\"http:\/\/trademark-benelux.nl\/de\/wp-content\/uploads\/sites\/2\/2017\/07\/netherlands-flag-3d-icon-32.png\" alt=\"netherlands-flag-3d-icon-32\" width=\"32\" height=\"21\" \/><\/a> <img decoding=\"async\" src=\"http:\/\/trademark-benelux.nl\/de\/wp-content\/uploads\/sites\/2\/2017\/10\/germany-flag-3d-icon-40.png\" alt=\"\" width=\"40\" height=\"27\" \/><\/p>\n<\/div><div class=\"fusion-clearfix\"><\/div><\/div><\/div><div class=\"fusion-layout-column fusion_builder_column fusion-builder-column-1 fusion_builder_column_1_6 1_6 fusion-one-sixth fusion-column-first fusion-no-small-visibility\" style=\"--awb-bg-size:cover;width:16.666666666667%;width:calc(16.666666666667% - ( ( 4% + 4% ) * 0.16666666666667 ) );margin-right: 4%;\"><div class=\"fusion-column-wrapper fusion-flex-column-wrapper-legacy\"><div class=\"fusion-clearfix\"><\/div><\/div><\/div><div class=\"fusion-layout-column fusion_builder_column fusion-builder-column-2 fusion_builder_column_2_3 2_3 fusion-two-third border-top border-bottom\" style=\"--awb-padding-top:20px;--awb-padding-right:20px;--awb-padding-bottom:20px;--awb-padding-left:20px;--awb-bg-color:#ffffff;--awb-bg-color-hover:#ffffff;--awb-bg-size:cover;--awb-border-color:#e2e2e2;--awb-border-top:1px;--awb-border-right:1px;--awb-border-bottom:1px;--awb-border-left:1px;--awb-border-style:solid;width:66.666666666667%;width:calc(66.666666666667% - ( ( 4% + 4% ) * 0.66666666666667 ) );margin-right: 4%;\"><div class=\"fusion-column-wrapper fusion-flex-column-wrapper-legacy\"><div class=\"fusion-image-element fusion-image-align-left in-legacy-container\" style=\"text-align:left;--awb-bottom-shadow-color:rgba(232,232,232,0.4);--awb-caption-title-font-family:var(--h2_typography-font-family);--awb-caption-title-font-weight:var(--h2_typography-font-weight);--awb-caption-title-font-style:var(--h2_typography-font-style);--awb-caption-title-size:var(--h2_typography-font-size);--awb-caption-title-transform:var(--h2_typography-text-transform);--awb-caption-title-line-height:var(--h2_typography-line-height);--awb-caption-title-letter-spacing:var(--h2_typography-letter-spacing);\"><div class=\"awb-image-frame awb-image-frame-1 awb-bottomshadow\"><span class=\" fusion-imageframe imageframe-bottomshadow imageframe-1 hover-type-none margin-bottom\"><img decoding=\"async\" width=\"260\" height=\"179\" src=\"http:\/\/trademark-benelux.nl\/de\/wp-content\/uploads\/sites\/2\/2019\/08\/patent-trademark-benelux.jpg\" alt class=\"img-responsive wp-image-2911\" srcset=\"https:\/\/trademark-benelux.nl\/de\/wp-content\/uploads\/sites\/2\/2019\/08\/patent-trademark-benelux-200x138.jpg 200w, https:\/\/trademark-benelux.nl\/de\/wp-content\/uploads\/sites\/2\/2019\/08\/patent-trademark-benelux.jpg 260w\" sizes=\"(max-width: 800px) 100vw, 260px\" \/><\/span><svg xmlns=\"http:\/\/www.w3.org\/2000\/svg\" version=\"1.1\" width=\"100%\" viewBox=\"0 0 600 28\" preserveAspectRatio=\"none\"><g clip-path=\"url(#a)\"><mask id=\"b\" style=\"mask-type:luminance\" maskUnits=\"userSpaceOnUse\" x=\"0\" y=\"0\" width=\"600\" height=\"28\"><path d=\"M0 0h600v28H0V0Z\" fill=\"#fff\"\/><\/mask><g filter=\"url(#c)\" mask=\"url(#b)\"><path d=\"M16.439-18.667h567.123v30.8S438.961-8.4 300-8.4C161.04-8.4 16.438 12.133 16.438 12.133v-30.8Z\" fill=\"#000\"\/><\/g><\/g><defs><clipPath id=\"a\"><path fill=\"#fff\" d=\"M0 0h600v28H0z\"\/><\/clipPath><filter id=\"c\" x=\"5.438\" y=\"-29.667\" width=\"589.123\" height=\"52.8\" filterUnits=\"userSpaceOnUse\" color-interpolation-filters=\"sRGB\"><feFlood flood-opacity=\"0\" result=\"BackgroundImageFix\"\/><feBlend in=\"SourceGraphic\" in2=\"BackgroundImageFix\" result=\"shape\"\/><feGaussianBlur stdDeviation=\"5.5\" result=\"effect1_foregroundBlur_3983_183\"\/><\/filter><\/defs><\/svg><\/div><\/div><div class=\"fusion-text fusion-text-2\"><h1>Patent<\/h1>\n<p>Sie k\u00f6nnen Ihre Erfindung mit einem Patent sch\u00fctzen. Andere d\u00fcrfen mit Ihrer Erfindung kein Geld verdienen. Au\u00dfer, wenn sie dazu Ihre Zustimmung haben.<\/p>\n<p><strong>Patent in der Europ\u00e4ischen Union <\/strong><br \/>\nM\u00f6chten Sie Ihr Produkt oder Ihre Idee in den L\u00e4ndern der Europ\u00e4ischen Union (EU) sch\u00fctzen? Dann haben Sie zwei M\u00f6glichkeiten. Sie k\u00f6nnen f\u00fcr jedes EU-Land einzeln ein Patent beantragen, oder Sie k\u00f6nnen ein EU-Patent beantragen.<\/p>\n<p><strong>Laufzeit Patent<\/strong><br \/>\nDas Patent sch\u00fctzt Ihre Erfindung maximal 20 Jahre. In diesem Zeitraum d\u00fcrfen Konkurrenten die Technologie nicht kopieren oder kommerziell anwenden. So erhalten Sie die Chance, die Entwicklungsinvestitionen wieder zur\u00fcckzuverdienen. Dadurch, dass die Regierung Patente erteilt, ist es f\u00fcr Unternehmen attraktiv, weiterhin zu innovieren.<\/p>\n<p><strong>Datenbankpatente<\/strong><br \/>\nWenn das Patentamt das Patent gew\u00e4hrt, wird die Technologie in den Patentdatenbanken und -registern ver\u00f6ffentlicht. Unternehmen k\u00f6nnen darin sehen, ob die Technologie, die sie entwickeln wollen, bereits durch ein Patent der Konkurrenz gesch\u00fctzt wird. Manchmal nutzen Unternehmer die Daten, um zu untersuchen welche Konkurrenten bez\u00fcglich einer bestimmten Technik schon Forschung und Entwicklung betreiben.<\/p>\n<p><strong>Patent anmelden<\/strong><br \/>\nIn dem Moment, in dem Sie Patent anmelden, muss Ihre Erfindung, Ihr Produkt oder Ihr Prozess folgende Anforderungen erf\u00fcllen:<\/p>\n<ul>\n<li><strong>Neuheit<\/strong><br \/>\nNeuheit bedeutet, dass Ihre Erfindung vor dem Datum der Patentanmeldung nirgendwo auf der Welt an die \u00d6ffentlichkeit gebracht wurde. Auch nicht von Ihnen selbst (beispielsweise w\u00e4hrend einer Messepr\u00e4sentation).<\/li>\n<li><strong>Erfindungsgabe<\/strong><br \/>\nErfindungsgabe bedeutet, dass Ihre Erfindung eine findige L\u00f6sung ist. Die Erfindung darf f\u00fcr einen Fachmann nicht auf der Hand liegen. Man denke beispielsweise an eine andere Befestigungsmethode. Anstatt die R\u00f6hren einer Schaukel aneinander zu schwei\u00dfen, k\u00f6nnen sie auch geschraubt werden. F\u00fcr Schaukeln kann dies eine neue Methode sein, aber f\u00fcr den Fachmann ist es zu naheliegend.<\/li>\n<li><strong>Gewerbliche Anwendbarkeit<\/strong><br \/>\nGewerbliche Anwendbarkeit bedeutet, dass es sich bei der Erfindung um ein funktionierendes Produkt oder einen funktionierenden Produktionsprozess handelt. Die Erfindung muss wirklich hergestellt werden k\u00f6nnen. So k\u00f6nnen Sie zum Beispiel Patent f\u00fcr ein neuartiges Kartenspiel anmelden, bei dem die Karten einfacher festzuhalten sind, aber nicht eine neue Idee f\u00fcr ein neues Kartenspiel.<\/li>\n<\/ul>\n<\/div><div class=\"fusion-modal modal fade modal-1 R\u00fcckrufversuch\" tabindex=\"-1\" role=\"dialog\" aria-labelledby=\"modal-heading-1\" aria-hidden=\"true\" style=\"--awb-border-color:#ebebeb;--awb-background:#f6f6f6;\"><div class=\"modal-dialog modal-sm\" role=\"document\"><div class=\"modal-content fusion-modal-content\"><div class=\"modal-header\"><button class=\"close\" type=\"button\" data-dismiss=\"modal\" aria-hidden=\"true\" aria-label=\"Close\">&times;<\/button><h3 class=\"modal-title\" id=\"modal-heading-1\" data-dismiss=\"modal\" aria-hidden=\"true\">R\u00fcckrufversuch<\/h3><\/div><div class=\"modal-body fusion-clearfix\">\n\n<div class=\"wpcf7 no-js\" id=\"wpcf7-f2314-o1\" lang=\"nl-NL\" dir=\"ltr\" data-wpcf7-id=\"2314\">\n<div class=\"screen-reader-response\"><p role=\"status\" aria-live=\"polite\" aria-atomic=\"true\"><\/p> <ul><\/ul><\/div>\n<form action=\"\/de\/wp-json\/wp\/v2\/pages\/1515#wpcf7-f2314-o1\" method=\"post\" class=\"wpcf7-form init\" aria-label=\"Contactformulier\" novalidate=\"novalidate\" data-status=\"init\">\n<div style=\"display: none;\">\n<input type=\"hidden\" name=\"_wpcf7\" value=\"2314\" \/>\n<input type=\"hidden\" name=\"_wpcf7_version\" value=\"6.0.3\" \/>\n<input type=\"hidden\" name=\"_wpcf7_locale\" value=\"nl_NL\" \/>\n<input type=\"hidden\" name=\"_wpcf7_unit_tag\" value=\"wpcf7-f2314-o1\" \/>\n<input type=\"hidden\" name=\"_wpcf7_container_post\" value=\"0\" \/>\n<input type=\"hidden\" name=\"_wpcf7_posted_data_hash\" value=\"\" \/>\n<\/div>\n<p><label> Ihr Name*<br \/>\n<span class=\"wpcf7-form-control-wrap\" data-name=\"naam\"><input size=\"40\" maxlength=\"400\" class=\"wpcf7-form-control wpcf7-text wpcf7-validates-as-required\" aria-required=\"true\" aria-invalid=\"false\" value=\"\" type=\"text\" name=\"naam\" \/><\/span> <\/label>\n<\/p>\n<p><label> Ihre Telefonnummer*<br \/>\n<span class=\"wpcf7-form-control-wrap\" data-name=\"telefoon\"><input size=\"40\" maxlength=\"400\" class=\"wpcf7-form-control wpcf7-tel wpcf7-validates-as-required wpcf7-text wpcf7-validates-as-tel\" aria-required=\"true\" aria-invalid=\"false\" value=\"\" type=\"tel\" name=\"telefoon\" \/><\/span> <\/label>\n<\/p>\n<p><label> Betreff<br \/>\n<span class=\"wpcf7-form-control-wrap\" data-name=\"onderwerp\"><input size=\"40\" maxlength=\"400\" class=\"wpcf7-form-control wpcf7-text\" aria-invalid=\"false\" value=\"\" type=\"text\" name=\"onderwerp\" \/><\/span> <\/label>\n<\/p>\n<p><label>Tag de R\u00fcckrufs<br \/>\n<span class=\"wpcf7-form-control-wrap\" data-name=\"terugbeldag\"><select class=\"wpcf7-form-control wpcf7-select wpcf7-validates-as-required\" aria-required=\"true\" aria-invalid=\"false\" name=\"terugbeldag\"><option value=\"Heute\">Heute<\/option><option value=\"Montag\">Montag<\/option><option value=\"Dienstag\">Dienstag<\/option><option value=\"Mittwoch\">Mittwoch<\/option><option value=\"Donnerstag\">Donnerstag<\/option><option value=\"Freitag\">Freitag<\/option><\/select><\/span> <\/label>\n<\/p>\n<p><label>Bevorzugte Zeit<span class=\"wpcf7-form-control-wrap\" data-name=\"voorkeurtijd\"><select class=\"wpcf7-form-control wpcf7-select wpcf7-validates-as-required\" aria-required=\"true\" aria-invalid=\"false\" name=\"voorkeurtijd\"><option value=\"09.00-10.00\">09.00-10.00<\/option><option value=\"10.00-11.00\">10.00-11.00<\/option><option value=\"11.00-12.00\">11.00-12.00<\/option><option value=\"13.00-14.00\">13.00-14.00<\/option><option value=\"14.00-15.00\">14.00-15.00<\/option><option value=\"15.00-16.00\">15.00-16.00<\/option><option value=\"16.00-17.00\">16.00-17.00<\/option><\/select><\/span> <\/label>\n<\/p>\n<p><input class=\"wpcf7-form-control wpcf7-submit has-spinner\" type=\"submit\" value=\"Senden\" \/>\n<\/p>\n<p>*Pflichtfelder\n<\/p><div class=\"fusion-alert alert custom alert-custom fusion-alert-center wpcf7-response-output fusion-alert-capitalize awb-alert-native-link-color alert-dismissable awb-alert-close-boxed\" style=\"--awb-border-top-left-radius:0px;--awb-border-top-right-radius:0px;--awb-border-bottom-left-radius:0px;--awb-border-bottom-right-radius:0px;\" role=\"alert\"><div class=\"fusion-alert-content-wrapper\"><span class=\"fusion-alert-content\"><\/span><\/div><button type=\"button\" class=\"close toggle-alert\" data-dismiss=\"alert\" aria-label=\"Sluiten\">&times;<\/button><\/div>\n<\/form>\n<\/div>\n\n<\/div><\/div><\/div><\/div><div class=\"fusion-clearfix\"><\/div><\/div><\/div><div class=\"fusion-layout-column fusion_builder_column fusion-builder-column-3 fusion_builder_column_1_6 1_6 fusion-one-sixth fusion-column-last fusion-no-small-visibility\" style=\"--awb-bg-size:cover;width:16.666666666667%;width:calc(16.666666666667% - ( ( 4% + 4% ) * 0.16666666666667 ) );\"><div class=\"fusion-column-wrapper fusion-flex-column-wrapper-legacy\"><div class=\"fusion-clearfix\"><\/div><\/div><\/div><\/div><\/div>\n","protected":false},"excerpt":{"rendered":"","protected":false},"author":1,"featured_media":0,"parent":0,"menu_order":0,"comment_status":"closed","ping_status":"closed","template":"","meta":{"footnotes":""},"class_list":["post-1515","page","type-page","status-publish","hentry"],"yoast_head":"<!-- This site is optimized with the Yoast SEO plugin v24.4 - https:\/\/yoast.com\/wordpress\/plugins\/seo\/ -->\n<title>Trademark Office B.V. fragt f\u00fcr Sie Patente innerhalb der gesamten Europ\u00e4ischen Union an<\/title>\n<meta name=\"description\" content=\"Das Patentsystem bietet juristischen Schutz Ihrer Erfindungen und Innovationen. Somit haben Sie die M\u00f6glichkeit Ihr neues Produkt zu Ihrem Eigentum machen.\" \/>\n<meta name=\"robots\" content=\"index, follow, max-snippet:-1, max-image-preview:large, max-video-preview:-1\" \/>\n<link rel=\"canonical\" href=\"https:\/\/trademark-benelux.nl\/de\/patent\/\" \/>\n<meta property=\"og:locale\" content=\"de_DE\" \/>\n<meta property=\"og:type\" content=\"article\" \/>\n<meta property=\"og:title\" content=\"Trademark Office B.V. fragt f\u00fcr Sie Patente innerhalb der gesamten Europ\u00e4ischen Union an\" \/>\n<meta property=\"og:description\" content=\"Das Patentsystem bietet juristischen Schutz Ihrer Erfindungen und Innovationen. Somit haben Sie die M\u00f6glichkeit Ihr neues Produkt zu Ihrem Eigentum machen.\" \/>\n<meta property=\"og:url\" content=\"https:\/\/trademark-benelux.nl\/de\/patent\/\" \/>\n<meta property=\"og:site_name\" content=\"DE\" \/>\n<meta property=\"article:modified_time\" content=\"2019-08-11T10:32:33+00:00\" \/>\n<meta property=\"og:image\" content=\"http:\/\/trademark-benelux.nl\/de\/wp-content\/uploads\/sites\/2\/2017\/07\/united-kingdom-flag-3d-icon-32.png\" \/>\n<meta name=\"twitter:card\" content=\"summary_large_image\" \/>\n<meta name=\"twitter:label1\" content=\"Gesch\u00e4tzte Lesezeit\" \/>\n\t<meta name=\"twitter:data1\" content=\"4\u00a0Minuten\" \/>\n<script type=\"application\/ld+json\" class=\"yoast-schema-graph\">{\"@context\":\"https:\/\/schema.org\",\"@graph\":[{\"@type\":\"WebPage\",\"@id\":\"https:\/\/trademark-benelux.nl\/de\/patent\/\",\"url\":\"https:\/\/trademark-benelux.nl\/de\/patent\/\",\"name\":\"Trademark Office B.V. fragt f\u00fcr Sie Patente innerhalb der gesamten Europ\u00e4ischen Union an\",\"isPartOf\":{\"@id\":\"https:\/\/trademark-benelux.nl\/de\/#website\"},\"primaryImageOfPage\":{\"@id\":\"https:\/\/trademark-benelux.nl\/de\/patent\/#primaryimage\"},\"image\":{\"@id\":\"https:\/\/trademark-benelux.nl\/de\/patent\/#primaryimage\"},\"thumbnailUrl\":\"http:\/\/trademark-benelux.nl\/de\/wp-content\/uploads\/sites\/2\/2017\/07\/united-kingdom-flag-3d-icon-32.png\",\"datePublished\":\"2016-10-26T09:30:29+00:00\",\"dateModified\":\"2019-08-11T10:32:33+00:00\",\"description\":\"Das Patentsystem bietet juristischen Schutz Ihrer Erfindungen und Innovationen. Somit haben Sie die M\u00f6glichkeit Ihr neues Produkt zu Ihrem Eigentum machen.\",\"breadcrumb\":{\"@id\":\"https:\/\/trademark-benelux.nl\/de\/patent\/#breadcrumb\"},\"inLanguage\":\"de\",\"potentialAction\":[{\"@type\":\"ReadAction\",\"target\":[\"https:\/\/trademark-benelux.nl\/de\/patent\/\"]}]},{\"@type\":\"ImageObject\",\"inLanguage\":\"de\",\"@id\":\"https:\/\/trademark-benelux.nl\/de\/patent\/#primaryimage\",\"url\":\"http:\/\/trademark-benelux.nl\/de\/wp-content\/uploads\/sites\/2\/2017\/07\/united-kingdom-flag-3d-icon-32.png\",\"contentUrl\":\"http:\/\/trademark-benelux.nl\/de\/wp-content\/uploads\/sites\/2\/2017\/07\/united-kingdom-flag-3d-icon-32.png\"},{\"@type\":\"BreadcrumbList\",\"@id\":\"https:\/\/trademark-benelux.nl\/de\/patent\/#breadcrumb\",\"itemListElement\":[{\"@type\":\"ListItem\",\"position\":1,\"name\":\"Home\",\"item\":\"https:\/\/trademark-benelux.nl\/de\/\"},{\"@type\":\"ListItem\",\"position\":2,\"name\":\"Patent\"}]},{\"@type\":\"WebSite\",\"@id\":\"https:\/\/trademark-benelux.nl\/de\/#website\",\"url\":\"https:\/\/trademark-benelux.nl\/de\/\",\"name\":\"DE\",\"description\":\"\",\"potentialAction\":[{\"@type\":\"SearchAction\",\"target\":{\"@type\":\"EntryPoint\",\"urlTemplate\":\"https:\/\/trademark-benelux.nl\/de\/?s={search_term_string}\"},\"query-input\":{\"@type\":\"PropertyValueSpecification\",\"valueRequired\":true,\"valueName\":\"search_term_string\"}}],\"inLanguage\":\"de\"}]}<\/script>\n<!-- \/ Yoast SEO plugin. -->","yoast_head_json":{"title":"Trademark Office B.V. fragt f\u00fcr Sie Patente innerhalb der gesamten Europ\u00e4ischen Union an","description":"Das Patentsystem bietet juristischen Schutz Ihrer Erfindungen und Innovationen. Somit haben Sie die M\u00f6glichkeit Ihr neues Produkt zu Ihrem Eigentum machen.","robots":{"index":"index","follow":"follow","max-snippet":"max-snippet:-1","max-image-preview":"max-image-preview:large","max-video-preview":"max-video-preview:-1"},"canonical":"https:\/\/trademark-benelux.nl\/de\/patent\/","og_locale":"de_DE","og_type":"article","og_title":"Trademark Office B.V. fragt f\u00fcr Sie Patente innerhalb der gesamten Europ\u00e4ischen Union an","og_description":"Das Patentsystem bietet juristischen Schutz Ihrer Erfindungen und Innovationen. Somit haben Sie die M\u00f6glichkeit Ihr neues Produkt zu Ihrem Eigentum machen.","og_url":"https:\/\/trademark-benelux.nl\/de\/patent\/","og_site_name":"DE","article_modified_time":"2019-08-11T10:32:33+00:00","og_image":[{"url":"http:\/\/trademark-benelux.nl\/de\/wp-content\/uploads\/sites\/2\/2017\/07\/united-kingdom-flag-3d-icon-32.png","type":"","width":"","height":""}],"twitter_card":"summary_large_image","twitter_misc":{"Gesch\u00e4tzte Lesezeit":"4\u00a0Minuten"},"schema":{"@context":"https:\/\/schema.org","@graph":[{"@type":"WebPage","@id":"https:\/\/trademark-benelux.nl\/de\/patent\/","url":"https:\/\/trademark-benelux.nl\/de\/patent\/","name":"Trademark Office B.V. fragt f\u00fcr Sie Patente innerhalb der gesamten Europ\u00e4ischen Union an","isPartOf":{"@id":"https:\/\/trademark-benelux.nl\/de\/#website"},"primaryImageOfPage":{"@id":"https:\/\/trademark-benelux.nl\/de\/patent\/#primaryimage"},"image":{"@id":"https:\/\/trademark-benelux.nl\/de\/patent\/#primaryimage"},"thumbnailUrl":"http:\/\/trademark-benelux.nl\/de\/wp-content\/uploads\/sites\/2\/2017\/07\/united-kingdom-flag-3d-icon-32.png","datePublished":"2016-10-26T09:30:29+00:00","dateModified":"2019-08-11T10:32:33+00:00","description":"Das Patentsystem bietet juristischen Schutz Ihrer Erfindungen und Innovationen. Somit haben Sie die M\u00f6glichkeit Ihr neues Produkt zu Ihrem Eigentum machen.","breadcrumb":{"@id":"https:\/\/trademark-benelux.nl\/de\/patent\/#breadcrumb"},"inLanguage":"de","potentialAction":[{"@type":"ReadAction","target":["https:\/\/trademark-benelux.nl\/de\/patent\/"]}]},{"@type":"ImageObject","inLanguage":"de","@id":"https:\/\/trademark-benelux.nl\/de\/patent\/#primaryimage","url":"http:\/\/trademark-benelux.nl\/de\/wp-content\/uploads\/sites\/2\/2017\/07\/united-kingdom-flag-3d-icon-32.png","contentUrl":"http:\/\/trademark-benelux.nl\/de\/wp-content\/uploads\/sites\/2\/2017\/07\/united-kingdom-flag-3d-icon-32.png"},{"@type":"BreadcrumbList","@id":"https:\/\/trademark-benelux.nl\/de\/patent\/#breadcrumb","itemListElement":[{"@type":"ListItem","position":1,"name":"Home","item":"https:\/\/trademark-benelux.nl\/de\/"},{"@type":"ListItem","position":2,"name":"Patent"}]},{"@type":"WebSite","@id":"https:\/\/trademark-benelux.nl\/de\/#website","url":"https:\/\/trademark-benelux.nl\/de\/","name":"DE","description":"","potentialAction":[{"@type":"SearchAction","target":{"@type":"EntryPoint","urlTemplate":"https:\/\/trademark-benelux.nl\/de\/?s={search_term_string}"},"query-input":{"@type":"PropertyValueSpecification","valueRequired":true,"valueName":"search_term_string"}}],"inLanguage":"de"}]}},"_links":{"self":[{"href":"https:\/\/trademark-benelux.nl\/de\/wp-json\/wp\/v2\/pages\/1515","targetHints":{"allow":["GET"]}}],"collection":[{"href":"https:\/\/trademark-benelux.nl\/de\/wp-json\/wp\/v2\/pages"}],"about":[{"href":"https:\/\/trademark-benelux.nl\/de\/wp-json\/wp\/v2\/types\/page"}],"author":[{"embeddable":true,"href":"https:\/\/trademark-benelux.nl\/de\/wp-json\/wp\/v2\/users\/1"}],"replies":[{"embeddable":true,"href":"https:\/\/trademark-benelux.nl\/de\/wp-json\/wp\/v2\/comments?post=1515"}],"version-history":[{"count":57,"href":"https:\/\/trademark-benelux.nl\/de\/wp-json\/wp\/v2\/pages\/1515\/revisions"}],"predecessor-version":[{"id":2938,"href":"https:\/\/trademark-benelux.nl\/de\/wp-json\/wp\/v2\/pages\/1515\/revisions\/2938"}],"wp:attachment":[{"href":"https:\/\/trademark-benelux.nl\/de\/wp-json\/wp\/v2\/media?parent=1515"}],"curies":[{"name":"wp","href":"https:\/\/api.w.org\/{rel}","templated":true}]}}